{"id":26143,"date":"2015-02-19T09:48:19","date_gmt":"2015-02-19T09:48:19","guid":{"rendered":"https:\/\/novumplus.hr\/kontakt\/"},"modified":"2025-04-04T08:03:04","modified_gmt":"2025-04-04T08:03:04","slug":"kontakt","status":"publish","type":"page","link":"https:\/\/novumplus.hr\/de\/kontakt\/","title":{"rendered":"Kontaktieren Sie uns"},"content":{"rendered":"\t\t<div data-elementor-type=\"wp-page\" data-elementor-id=\"26143\" class=\"elementor elementor-26143 elementor-5707\">\n\t\t\t\t<div class=\"elementor-element elementor-element-6688b9c e-flex e-con-boxed e-con e-parent\" data-id=\"6688b9c\" data-element_type=\"container\">\n\t\t\t\t\t<div class=\"e-con-inner\">\n\t\t\t\t<div class=\"elementor-element elementor-element-744b8d9e elementor-widget elementor-widget-text-editor\" data-id=\"744b8d9e\" data-element_type=\"widget\" data-widget_type=\"text-editor.default\">\n\t\t\t\t<div class=\"elementor-widget-container\">\n\t\t\t<style>\/*! elementor - v3.23.0 - 05-08-2024 *\/\n.elementor-widget-text-editor.elementor-drop-cap-view-stacked .elementor-drop-cap{background-color:#69727d;color:#fff}.elementor-widget-text-editor.elementor-drop-cap-view-framed .elementor-drop-cap{color:#69727d;border:3px solid;background-color:transparent}.elementor-widget-text-editor:not(.elementor-drop-cap-view-default) .elementor-drop-cap{margin-top:8px}.elementor-widget-text-editor:not(.elementor-drop-cap-view-default) .elementor-drop-cap-letter{width:1em;height:1em}.elementor-widget-text-editor .elementor-drop-cap{float:left;text-align:center;line-height:1;font-size:50px}.elementor-widget-text-editor .elementor-drop-cap-letter{display:inline-block}<\/style>\t\t\t\t<p>Haben Sie das Gef\u00fchl, dass alle Immobilienmakler den gleichen Service anbieten? Wir verstehen dieses Gef\u00fchl. Bei NOVUM Plus gehen wir \u00fcber das Erwartete hinaus.<br \/>Ganz gleich, ob Sie eine Immobilie kaufen oder verkaufen, wir k\u00fcmmern uns um jedes Detail &#8211; von klarer und konsistenter Kommunikation bis hin zu fachkundigen Verhandlungen und nahtlosem Papierkram.<br \/>Unser Engagement f\u00fcr Diskretion, Exzellenz und fundierte Marktkenntnisse hat uns das Vertrauen von Kunden aus den unterschiedlichsten Bereichen eingebracht.<br \/>Sind Sie bereit, den Unterschied zu erleben?<br \/>Kontaktieren Sie uns noch heute!  <\/p>\n\t\t\t\t\t\t<\/div>\n\t\t\t\t<\/div>\n\t\t\t\t\t<\/div>\n\t\t\t\t<\/div>\n\t\t\t\t<\/div>\n\t\t","protected":false},"excerpt":{"rendered":"<p>Haben Sie das Gef\u00fchl, dass alle Immobilienmakler den gleichen Service anbieten? Wir verstehen dieses Gef\u00fchl. Bei NOVUM Plus gehen wir \u00fcber das Erwartete hinaus.Ganz gleich, ob Sie eine Immobilie kaufen oder verkaufen, wir k\u00fcmmern uns um jedes Detail &#8211; von klarer und konsistenter Kommunikation bis hin zu fachkundigen Verhandlungen und nahtlosem Papierkram.Unser Engagement f\u00fcr Diskretion, Exzellenz und fundierte Marktkenntnisse hat uns das Vertrauen von &#8230;<\/p>\n","protected":false},"author":1,"featured_media":0,"parent":0,"menu_order":0,"comment_status":"closed","ping_status":"open","template":"contact_page.php","meta":{"footnotes":""},"class_list":["post-26143","page","type-page","status-publish","hentry"],"_links":{"self":[{"href":"https:\/\/novumplus.hr\/de\/wp-json\/wp\/v2\/pages\/26143"}],"collection":[{"href":"https:\/\/novumplus.hr\/de\/wp-json\/wp\/v2\/pages"}],"about":[{"href":"https:\/\/novumplus.hr\/de\/wp-json\/wp\/v2\/types\/page"}],"author":[{"embeddable":true,"href":"https:\/\/novumplus.hr\/de\/wp-json\/wp\/v2\/users\/1"}],"replies":[{"embeddable":true,"href":"https:\/\/novumplus.hr\/de\/wp-json\/wp\/v2\/comments?post=26143"}],"version-history":[{"count":5,"href":"https:\/\/novumplus.hr\/de\/wp-json\/wp\/v2\/pages\/26143\/revisions"}],"predecessor-version":[{"id":31064,"href":"https:\/\/novumplus.hr\/de\/wp-json\/wp\/v2\/pages\/26143\/revisions\/31064"}],"wp:attachment":[{"href":"https:\/\/novumplus.hr\/de\/wp-json\/wp\/v2\/media?parent=26143"}],"curies":[{"name":"wp","href":"https:\/\/api.w.org\/{rel}","templated":true}]}}