{"id":26145,"date":"2023-11-28T12:31:09","date_gmt":"2023-11-28T12:31:09","guid":{"rendered":"https:\/\/novumplus.hr\/immobilie-verkaufen\/"},"modified":"2025-04-01T10:16:11","modified_gmt":"2025-04-01T10:16:11","slug":"immobilie-verkaufen","status":"publish","type":"page","link":"https:\/\/novumplus.hr\/de\/immobilie-verkaufen\/","title":{"rendered":"IMMOBILIE VERKAUFEN"},"content":{"rendered":"\t\t<div data-elementor-type=\"wp-page\" data-elementor-id=\"26145\" class=\"elementor elementor-26145 elementor-22741\">\n\t\t\t\t<div class=\"elementor-element elementor-element-942941e e-flex e-con-boxed e-con e-parent\" data-id=\"942941e\" data-element_type=\"container\" data-settings=\"{&quot;background_background&quot;:&quot;classic&quot;}\">\n\t\t\t\t\t<div class=\"e-con-inner\">\n\t\t\t\t<div class=\"elementor-element elementor-element-e112989 elementor-widget elementor-widget-heading\" data-id=\"e112989\" data-element_type=\"widget\" data-widget_type=\"heading.default\">\n\t\t\t\t<div class=\"elementor-widget-container\">\n\t\t\t<style>\/*! elementor - v3.23.0 - 05-08-2024 *\/\n.elementor-heading-title{padding:0;margin:0;line-height:1}.elementor-widget-heading .elementor-heading-title[class*=elementor-size-]>a{color:inherit;font-size:inherit;line-height:inherit}.elementor-widget-heading .elementor-heading-title.elementor-size-small{font-size:15px}.elementor-widget-heading .elementor-heading-title.elementor-size-medium{font-size:19px}.elementor-widget-heading .elementor-heading-title.elementor-size-large{font-size:29px}.elementor-widget-heading .elementor-heading-title.elementor-size-xl{font-size:39px}.elementor-widget-heading .elementor-heading-title.elementor-size-xxl{font-size:59px}<\/style><h2 class=\"elementor-heading-title elementor-size-default\">IHRE IMMOBILIE IN GUTEN H\u00c4NDEN.<\/h2>\t\t<\/div>\n\t\t\t\t<\/div>\n\t\t\t\t\t<\/div>\n\t\t\t\t<\/div>\n\t\t<div class=\"elementor-element elementor-element-ed7b62d e-flex e-con-boxed e-con e-parent\" data-id=\"ed7b62d\" data-element_type=\"container\">\n\t\t\t\t\t<div class=\"e-con-inner\">\n\t\t\t\t<div class=\"elementor-element elementor-element-cc7ac01 elementor-widget elementor-widget-text-editor\" data-id=\"cc7ac01\" data-element_type=\"widget\" data-widget_type=\"text-editor.default\">\n\t\t\t\t<div class=\"elementor-widget-container\">\n\t\t\t<style>\/*! elementor - v3.23.0 - 05-08-2024 *\/\n.elementor-widget-text-editor.elementor-drop-cap-view-stacked .elementor-drop-cap{background-color:#69727d;color:#fff}.elementor-widget-text-editor.elementor-drop-cap-view-framed .elementor-drop-cap{color:#69727d;border:3px solid;background-color:transparent}.elementor-widget-text-editor:not(.elementor-drop-cap-view-default) .elementor-drop-cap{margin-top:8px}.elementor-widget-text-editor:not(.elementor-drop-cap-view-default) .elementor-drop-cap-letter{width:1em;height:1em}.elementor-widget-text-editor .elementor-drop-cap{float:left;text-align:center;line-height:1;font-size:50px}.elementor-widget-text-editor .elementor-drop-cap-letter{display:inline-block}<\/style>\t\t\t\t<h1>Ihr deutscher Immobilienmakler in Split, Kroatien<\/h1><h2>Immobilie verkaufen mit Sicherheit\u00a0<\/h2><p><span style=\"color: var( --e-global-color-text ); font-size: 16px;\">Besitzen Sie eine <\/span>Wohnung, ein Haus, eine Villa, ein Grundst\u00fcck, eine Gewerbeimmobilie<span style=\"color: var( --e-global-color-text ); font-size: 16px;\"> oder <\/span>eine Investitionsm\u00f6glichkeit zum Verkauf oder zur Vermietung in Split<span style=\"color: var( --e-global-color-text ); font-size: 16px;\"> und Umgebung? Wenden Sie sich an die Immobilienagentur <\/span>NOVUM Plus<span style=\"color: var( --e-global-color-text ); font-size: 16px;\"> in Split, die Ihnen hilft, schnell und sicher den richtigen K\u00e4ufer f\u00fcr Ihre Immobilie zu finden.<\/span><\/p><p>\u00a0<\/p><p>\u00a0<\/p><h2>Warum das Immobilienb\u00fcro NOVUM Plus w\u00e4hlen?<\/h2><p>Unser Immobilienb\u00fcro in Split arbeitet mit einer gro\u00dfen Anzahl interessierter K\u00e4ufer zusammen, die auf die ideale Immobilie wie Ihre warten. Als zertifiziertes Immobilienb\u00fcro in Split und Umgebung gew\u00e4hrleisten wir professionellen und rechtlichen Schutz f\u00fcr alle unsere Kunden &#8211; sowohl Verk\u00e4ufer als auch <a>K\u00e4ufer<\/a>.<\/p><p>\u00a0<\/p><p>\u00a0<\/p><h2>Wie funktioniert unser Verkaufsprozess?<\/h2><p>Geben Sie die Daten Ihrer Immobilien in Split und Umgebung \u00fcber unser einfaches Kontaktformular ein und lassen Sie uns Ihnen helfen, Ihre Immobilie auf dem Markt zu platzieren. Nutzen Sie unser Fachwissen, unsere Erfahrung und unser breites K\u00e4ufernetzwerk, um den besten Verkauf zu erzielen.<\/p><p>\u00a0<\/p><p>\u00a0<\/p><h2>Vorteile der Zusammenarbeit mit uns<\/h2><ul><li><strong>Professionalit\u00e4t und Erfahrung:<\/strong> Jahrelange Erfahrung in der Vermittlung von Verkauf und Vermietung von Immobilien.<\/li><li><strong>Breites Netzwerk von K\u00e4ufern:<\/strong> Wir verbinden Sie mit einer gro\u00dfen Anzahl seri\u00f6ser K\u00e4ufer aus Kroatien und dem Ausland.<\/li><li><strong>Rechtssicherheit und Transparenz:<\/strong> Zusammenarbeit mit Top-Rechtsanw\u00e4lten f\u00fcr maximalen Schutz Ihrer Interessen.<\/li><li><strong>Ma\u00dfgeschneiderter Ansatz:<\/strong> Ihre Immobilie erh\u00e4lt besondere Aufmerksamkeit und Marketingf\u00f6rderung.<\/li><\/ul><p>Kontaktieren Sie uns noch heute, um den Verkaufsprozess Ihrer Immobilie zu starten und Ihnen eine sorgenfreie Zusammenarbeit mit einer zertifizierten Immobilienb\u00fcro in Split zu erm\u00f6glichen! F\u00fcllen Sie jetzt das Kontaktformular aus und machen Sie den ersten Schritt zu einem erfolgreichen Immobilienverkauf!<\/p>\t\t\t\t\t\t<\/div>\n\t\t\t\t<\/div>\n\t\t\t\t\t<\/div>\n\t\t\t\t<\/div>\n\t\t<div class=\"elementor-element elementor-element-3471902 e-flex e-con-boxed e-con e-parent\" data-id=\"3471902\" data-element_type=\"container\" data-settings=\"{&quot;background_background&quot;:&quot;classic&quot;}\">\n\t\t\t\t\t<div class=\"e-con-inner\">\n\t\t<div class=\"elementor-element elementor-element-f5201be e-con-full e-flex e-con e-child\" data-id=\"f5201be\" data-element_type=\"container\" data-settings=\"{&quot;background_background&quot;:&quot;classic&quot;}\">\n\t\t\t\t<div class=\"elementor-element elementor-element-9ad24ab elementor-widget-divider--view-line elementor-widget elementor-widget-divider\" data-id=\"9ad24ab\" data-element_type=\"widget\" data-widget_type=\"divider.default\">\n\t\t\t\t<div class=\"elementor-widget-container\">\n\t\t\t<style>\/*! elementor - v3.23.0 - 05-08-2024 *\/\n.elementor-widget-divider{--divider-border-style:none;--divider-border-width:1px;--divider-color:#0c0d0e;--divider-icon-size:20px;--divider-element-spacing:10px;--divider-pattern-height:24px;--divider-pattern-size:20px;--divider-pattern-url:none;--divider-pattern-repeat:repeat-x}.elementor-widget-divider .elementor-divider{display:flex}.elementor-widget-divider .elementor-divider__text{font-size:15px;line-height:1;max-width:95%}.elementor-widget-divider .elementor-divider__element{margin:0 var(--divider-element-spacing);flex-shrink:0}.elementor-widget-divider .elementor-icon{font-size:var(--divider-icon-size)}.elementor-widget-divider .elementor-divider-separator{display:flex;margin:0;direction:ltr}.elementor-widget-divider--view-line_icon .elementor-divider-separator,.elementor-widget-divider--view-line_text .elementor-divider-separator{align-items:center}.elementor-widget-divider--view-line_icon .elementor-divider-separator:after,.elementor-widget-divider--view-line_icon .elementor-divider-separator:before,.elementor-widget-divider--view-line_text .elementor-divider-separator:after,.elementor-widget-divider--view-line_text .elementor-divider-separator:before{display:block;content:\"\";border-block-end:0;flex-grow:1;border-block-start:var(--divider-border-width) var(--divider-border-style) var(--divider-color)}.elementor-widget-divider--element-align-left .elementor-divider .elementor-divider-separator>.elementor-divider__svg:first-of-type{flex-grow:0;flex-shrink:100}.elementor-widget-divider--element-align-left .elementor-divider-separator:before{content:none}.elementor-widget-divider--element-align-left .elementor-divider__element{margin-left:0}.elementor-widget-divider--element-align-right .elementor-divider .elementor-divider-separator>.elementor-divider__svg:last-of-type{flex-grow:0;flex-shrink:100}.elementor-widget-divider--element-align-right .elementor-divider-separator:after{content:none}.elementor-widget-divider--element-align-right .elementor-divider__element{margin-right:0}.elementor-widget-divider--element-align-start .elementor-divider .elementor-divider-separator>.elementor-divider__svg:first-of-type{flex-grow:0;flex-shrink:100}.elementor-widget-divider--element-align-start .elementor-divider-separator:before{content:none}.elementor-widget-divider--element-align-start .elementor-divider__element{margin-inline-start:0}.elementor-widget-divider--element-align-end .elementor-divider .elementor-divider-separator>.elementor-divider__svg:last-of-type{flex-grow:0;flex-shrink:100}.elementor-widget-divider--element-align-end .elementor-divider-separator:after{content:none}.elementor-widget-divider--element-align-end .elementor-divider__element{margin-inline-end:0}.elementor-widget-divider:not(.elementor-widget-divider--view-line_text):not(.elementor-widget-divider--view-line_icon) .elementor-divider-separator{border-block-start:var(--divider-border-width) var(--divider-border-style) var(--divider-color)}.elementor-widget-divider--separator-type-pattern{--divider-border-style:none}.elementor-widget-divider--separator-type-pattern.elementor-widget-divider--view-line .elementor-divider-separator,.elementor-widget-divider--separator-type-pattern:not(.elementor-widget-divider--view-line) .elementor-divider-separator:after,.elementor-widget-divider--separator-type-pattern:not(.elementor-widget-divider--view-line) .elementor-divider-separator:before,.elementor-widget-divider--separator-type-pattern:not([class*=elementor-widget-divider--view]) .elementor-divider-separator{width:100%;min-height:var(--divider-pattern-height);-webkit-mask-size:var(--divider-pattern-size) 100%;mask-size:var(--divider-pattern-size) 100%;-webkit-mask-repeat:var(--divider-pattern-repeat);mask-repeat:var(--divider-pattern-repeat);background-color:var(--divider-color);-webkit-mask-image:var(--divider-pattern-url);mask-image:var(--divider-pattern-url)}.elementor-widget-divider--no-spacing{--divider-pattern-size:auto}.elementor-widget-divider--bg-round{--divider-pattern-repeat:round}.rtl .elementor-widget-divider .elementor-divider__text{direction:rtl}.e-con-inner>.elementor-widget-divider,.e-con>.elementor-widget-divider{width:var(--container-widget-width,100%);--flex-grow:var(--container-widget-flex-grow)}<\/style>\t\t<div class=\"elementor-divider\">\n\t\t\t<span class=\"elementor-divider-separator\">\n\t\t\t\t\t\t<\/span>\n\t\t<\/div>\n\t\t\t\t<\/div>\n\t\t\t\t<\/div>\n\t\t\t\t<\/div>\n\t\t<div class=\"elementor-element elementor-element-9bd865e e-con-full e-flex e-con e-child\" data-id=\"9bd865e\" data-element_type=\"container\" data-settings=\"{&quot;background_background&quot;:&quot;classic&quot;}\">\n\t\t\t\t<div class=\"elementor-element elementor-element-75e3bee elementor-invisible elementor-widget elementor-widget-heading\" data-id=\"75e3bee\" data-element_type=\"widget\" data-settings=\"{&quot;_animation&quot;:&quot;fadeIn&quot;}\" data-widget_type=\"heading.default\">\n\t\t\t\t<div class=\"elementor-widget-container\">\n\t\t\t<h2 class=\"elementor-heading-title elementor-size-default\">BEREIT, IHRE IMMOBILIE ZU VERKAUFEN?<\/h2>\t\t<\/div>\n\t\t\t\t<\/div>\n\t\t\t\t<div class=\"elementor-element elementor-element-4df4547 elementor-button-align-start elementor-widget elementor-widget-WpResidence_Contact_Form_Builder\" data-id=\"4df4547\" data-element_type=\"widget\" data-widget_type=\"WpResidence_Contact_Form_Builder.default\">\n\t\t\t\t<div class=\"elementor-widget-container\">\n\t\t\t\n\n\n\n\n        <form class=\"elementor-form wpresidence_elementor_form\"  id=\"wpresidence-elementor-form-4df4547\" method=\"post\" >\n            <div class=\"alert-box error\">\n                <div class=\"alert-message\" id=\"alert-agent-contact\"><\/div>\n            <\/div>\n            <input name=\"prop_id\" type=\"hidden\"  id=\"agent_property_id\" value=\"\">\n            <input name=\"prop_id\" type=\"hidden\"  id=\"agent_id\" value=\"\">\n            <input name=\"prop_id\" type=\"hidden\"  id=\"contact_form_elementor\" value=\"1\">\n            <input type=\"hidden\" name=\"contact_ajax_nonce\" id=\"agent_property_ajax_nonce\"  value=\"934d2ba15d\" \/>\n\n            \n            \n            <input type=\"hidden\" id=\"wpresidence_form_id\" name=\"wpresidence_form_id\" value=\"wpresidence_form_7934\" \/>\n        \n            <input type=\"hidden\" id=\"elementor_email_subject\" name=\"email_suject\" value=\"New email from web page\" \/>\n\n\n            <div class=\"elementor-form-fields-wrapper elementor-labels-above\">\n        <div class=\"elementor-field-group elementor-column form-group elementor-field-group-24f699d elementor-col-50\"><label for=\"form-field-24f699d\" class=\"elementor-field-label elementor-screen-only\">First Name<\/label><input type=\"text\" name=\"first_name\" id=\"form-field-24f699d\" class=\"elementor-field form-control elementor-size-md elementor-field-textual\" placeholder=\"Vorname\"><\/div><div class=\"elementor-field-group elementor-column form-group elementor-field-group-name elementor-col-50\"><label for=\"form-field-name\" class=\"elementor-field-label elementor-screen-only\">Last Name<\/label><input type=\"text\" name=\"last_name\" id=\"form-field-name\" class=\"elementor-field form-control elementor-size-md elementor-field-textual\" placeholder=\"Nachname\"><\/div><div class=\"elementor-field-group elementor-column form-group elementor-field-group-email elementor-field-required elementor-col-50\"><label for=\"form-field-email\" class=\"elementor-field-label elementor-screen-only\">Email*<\/label><input type=\"email\" name=\"email\" id=\"form-field-email\" class=\"elementor-field form-control elementor-size-md elementor-field-textual\" required=\"required\" placeholder=\"Email\"><\/div><div class=\"elementor-field-group elementor-column form-group elementor-field-group-message elementor-field-required elementor-col-50\"><label for=\"form-field-message\" class=\"elementor-field-label elementor-screen-only\">Phone*<\/label><input type=\"text\" name=\"mobile\" id=\"form-field-message\" class=\"elementor-field form-control elementor-size-md elementor-field-textual\" required=\"required\" placeholder=\"Telefon\"><\/div><div class=\"elementor-field-group elementor-column form-group elementor-field-group-414f7d2 elementor-col-33\"><label for=\"form-field-414f7d2\" class=\"elementor-field-label elementor-screen-only\">City<\/label><input type=\"text\" name=\"city\" id=\"form-field-414f7d2\" class=\"elementor-field form-control elementor-size-md elementor-field-textual\" placeholder=\"Stadt\"><\/div><div class=\"elementor-field-group elementor-column form-group elementor-field-group-ae8e893 elementor-col-66\"><label for=\"form-field-ae8e893\" class=\"elementor-field-label elementor-screen-only\">Address<\/label><input type=\"text\" name=\"address\" id=\"form-field-ae8e893\" class=\"elementor-field form-control elementor-size-md elementor-field-textual\" placeholder=\"Adresse\"><\/div><div class=\"elementor-field-group elementor-column form-group elementor-field-group-f1e07cd elementor-field-required elementor-col-100\"><label for=\"form-field-f1e07cd\" class=\"elementor-field-label elementor-screen-only\">Message*<\/label><textarea class=\"form-control elementor-field-textual elementor-field elementor-size-md\" name=\"message\" id=\"form-field-f1e07cd\" rows=\"4\" required=\"required\" placeholder=\"Nachricht\"><\/textarea><\/div>\n                <div class=\"elementor-field-group elementor-column elementor-field-type-submit elementor-col-100\">\n        <div class=\"gpr_wrapper\"><input type=\"checkbox\"  role=\"checkbox\" aria-checked=\"false\" id=\"wpestate_agree_gdpr\" class=\"wpestate_agree_gdpr\" name=\"wpestate_agree_gdpr\" \/>\n                    <label for=\"wpestate_agree_gdpr\"><a target=\"_blank\" href=\"https:\/\/novumplus.hr\/de\/\">Ich best\u00e4tige mein Einverst\u00e4ndnis mit der Datenschutzerkl\u00e4rung<\/a><\/label><\/div>\n\t\t\t\t\t\t\t\t\t\t\t\t                    <button type=\"submit\" class=\"agent_submit_class_elementor wpresidence_button wpresidence_button_elementor elementor-button elementor-size-md\">\n                    Senden                            <\/button>\n\n                <\/div>\n            <\/div>\n\n\n\n        <\/form>\n\n\n\n\n        \t\t<\/div>\n\t\t\t\t<\/div>\n\t\t\t\t<\/div>\n\t\t\t\t\t<\/div>\n\t\t\t\t<\/div>\n\t\t\t\t<\/div>\n\t\t","protected":false},"excerpt":{"rendered":"<p>IHRE IMMOBILIE IN GUTEN H\u00c4NDEN. Sicherer Verkauf Ihrer Immobilie in Kroatien mit NOVUM Plus Besitzen Sie eine Wohnung, ein Haus, eine Villa, ein Grundst\u00fcck, eine Gewerbeimmobilie oder eine Investitionsm\u00f6glichkeit zum Verkauf oder zur Vermietung in Split und Umgebung? Wenden Sie sich an die Immobilienagentur NOVUM Plus in Split, die Ihnen hilft, schnell und sicher den richtigen K\u00e4ufer f\u00fcr Ihre Immobilie zu finden. Warum das &#8230;<\/p>\n","protected":false},"author":1,"featured_media":31090,"parent":0,"menu_order":0,"comment_status":"closed","ping_status":"closed","template":"elementor_header_footer","meta":{"footnotes":""},"class_list":["post-26145","page","type-page","status-publish","has-post-thumbnail","hentry"],"_links":{"self":[{"href":"https:\/\/novumplus.hr\/de\/wp-json\/wp\/v2\/pages\/26145"}],"collection":[{"href":"https:\/\/novumplus.hr\/de\/wp-json\/wp\/v2\/pages"}],"about":[{"href":"https:\/\/novumplus.hr\/de\/wp-json\/wp\/v2\/types\/page"}],"author":[{"embeddable":true,"href":"https:\/\/novumplus.hr\/de\/wp-json\/wp\/v2\/users\/1"}],"replies":[{"embeddable":true,"href":"https:\/\/novumplus.hr\/de\/wp-json\/wp\/v2\/comments?post=26145"}],"version-history":[{"count":29,"href":"https:\/\/novumplus.hr\/de\/wp-json\/wp\/v2\/pages\/26145\/revisions"}],"predecessor-version":[{"id":31034,"href":"https:\/\/novumplus.hr\/de\/wp-json\/wp\/v2\/pages\/26145\/revisions\/31034"}],"wp:featuredmedia":[{"embeddable":true,"href":"https:\/\/novumplus.hr\/de\/wp-json\/wp\/v2\/media\/31090"}],"wp:attachment":[{"href":"https:\/\/novumplus.hr\/de\/wp-json\/wp\/v2\/media?parent=26145"}],"curies":[{"name":"wp","href":"https:\/\/api.w.org\/{rel}","templated":true}]}}